{"id":1094,"date":"2018-03-18T03:30:06","date_gmt":"2018-03-18T02:30:06","guid":{"rendered":"http:\/\/prim4t.art\/SHOPZ\/produkt\/50-mt-bambuskohle-zahn-flosser-integrierten-spule-draht-zahnstocher-flosser-zahnseide-ersatz-core-mint-geschmack-5-teile-paket\/"},"modified":"2019-03-09T06:47:30","modified_gmt":"2019-03-09T05:47:30","slug":"bambuskohle-zahnseide","status":"publish","type":"product","link":"https:\/\/prim4t.art\/SHOPZ\/produkt\/bambuskohle-zahnseide\/","title":{"rendered":"5&#215;50 Meter Rollen Bambuskohle-Zahnseide"},"content":{"rendered":"<p><span>Diese <strong>Zahnseide mit Aktivkohle<\/strong> gleitet leicht zwischen die Z\u00e4hne und reinigt schonend und gr\u00fcndlich. Die Zahnseide mit spezieller Aktivkohle Beschichtung hilft, das nat\u00fcrliche wei\u00df der Z\u00e4hne zu erhalten. Sie macht entfernten Plaque und Verunreinigungen sofort sichtbar. Belebt mit erfrischendem Minzgeschmack.<\/span><\/p>\n","protected":false},"excerpt":{"rendered":"<ul>\n<li><strong>100% nat\u00fcrlich &amp; vegan<\/strong><\/li>\n<li><strong>nicht an Tieren getestet<\/strong><\/li>\n<li><strong>entfernt Ablagerungen &amp; hellt damit die Z\u00e4hne sanft auf<\/strong><\/li>\n<li><strong>ohne Fluoride &amp; frei von chemischen Bleichstoffen<\/strong><\/li>\n<li><strong>greift den Zahnschmelz nicht an<\/strong><\/li>\n<li><strong>schmerzfrei &#8211; ideal auch f\u00fcr empfindliche Z\u00e4hne<\/strong><\/li>\n<li><strong>geschmacksneutral<\/strong><\/li>\n<li><strong>5&#215;50 Meter<\/strong><\/li>\n<\/ul>\n","protected":false},"featured_media":1087,"template":"","meta":{"jetpack_post_was_ever_published":false,"jetpack_publicize_message":"","jetpack_publicize_feature_enabled":true,"jetpack_social_post_already_shared":true,"jetpack_social_options":{"image_generator_settings":{"template":"highway","default_image_id":0,"font":"","enabled":false},"version":2}},"product_brand":[],"product_cat":[17,34],"product_tag":[],"class_list":{"0":"post-1094","1":"product","2":"type-product","3":"status-publish","4":"has-post-thumbnail","6":"product_cat-unkategorisiert","7":"product_cat-zahnpflege","9":"first","10":"outofstock","11":"sale","12":"taxable","13":"shipping-taxable","14":"purchasable","15":"product-type-simple"},"yoast_head":"<!-- This site is optimized with the Yoast SEO plugin v27.3 - https:\/\/yoast.com\/product\/yoast-seo-wordpress\/ -->\n<title>Bambuskohle Zahnseide<\/title>\n<meta name=\"description\" content=\"Bambuskohle Zahnseide\" \/>\n<meta name=\"robots\" content=\"index, follow, max-snippet:-1, max-image-preview:large, max-video-preview:-1\" \/>\n<link rel=\"canonical\" href=\"https:\/\/prim4t.art\/SHOPZ\/produkt\/bambuskohle-zahnseide\/\" \/>\n<meta property=\"og:locale\" content=\"de_DE\" \/>\n<meta property=\"og:type\" content=\"article\" \/>\n<meta property=\"og:title\" content=\"Bambuskohle Zahnseide\" \/>\n<meta property=\"og:description\" content=\"Bambuskohle Zahnseide\" \/>\n<meta property=\"og:url\" content=\"https:\/\/prim4t.art\/SHOPZ\/produkt\/bambuskohle-zahnseide\/\" \/>\n<meta property=\"og:site_name\" content=\"NATUERLICHE-ZAHNPFLEGE.STORE\" \/>\n<meta property=\"article:modified_time\" content=\"2019-03-09T05:47:30+00:00\" \/>\n<meta property=\"og:image\" content=\"https:\/\/i2.wp.com\/prim4t.art\/SHOPZ\/wp-content\/uploads\/2018\/03\/50-Mt-Bambuskohle-Zahn-Flosser-Integrierten-Spule-Draht-Zahnstocher-Flosser-Zahnseide-Ersatz-Core-Mint-Geschmack-5-1.jpg?fit=1000%2C1000&ssl=1\" \/>\n\t<meta property=\"og:image:width\" content=\"1000\" \/>\n\t<meta property=\"og:image:height\" content=\"1000\" \/>\n\t<meta property=\"og:image:type\" content=\"image\/jpeg\" \/>\n<meta name=\"twitter:card\" content=\"summary_large_image\" \/>\n<meta name=\"twitter:site\" content=\"@prim4t\" \/>\n<script type=\"application\/ld+json\" class=\"yoast-schema-graph\">{\"@context\":\"https:\\\/\\\/schema.org\",\"@graph\":[{\"@type\":\"WebPage\",\"@id\":\"https:\\\/\\\/prim4t.art\\\/SHOPZ\\\/produkt\\\/bambuskohle-zahnseide\\\/\",\"url\":\"https:\\\/\\\/prim4t.art\\\/SHOPZ\\\/produkt\\\/bambuskohle-zahnseide\\\/\",\"name\":\"Bambuskohle Zahnseide\",\"isPartOf\":{\"@id\":\"https:\\\/\\\/prim4t.art\\\/SHOPZ\\\/#website\"},\"primaryImageOfPage\":{\"@id\":\"https:\\\/\\\/prim4t.art\\\/SHOPZ\\\/produkt\\\/bambuskohle-zahnseide\\\/#primaryimage\"},\"image\":{\"@id\":\"https:\\\/\\\/prim4t.art\\\/SHOPZ\\\/produkt\\\/bambuskohle-zahnseide\\\/#primaryimage\"},\"thumbnailUrl\":\"https:\\\/\\\/i0.wp.com\\\/prim4t.art\\\/SHOPZ\\\/wp-content\\\/uploads\\\/2018\\\/03\\\/50-Mt-Bambuskohle-Zahn-Flosser-Integrierten-Spule-Draht-Zahnstocher-Flosser-Zahnseide-Ersatz-Core-Mint-Geschmack-5-1.jpg?fit=1000%2C1000&ssl=1\",\"datePublished\":\"2018-03-18T02:30:06+00:00\",\"dateModified\":\"2019-03-09T05:47:30+00:00\",\"description\":\"Bambuskohle Zahnseide\",\"breadcrumb\":{\"@id\":\"https:\\\/\\\/prim4t.art\\\/SHOPZ\\\/produkt\\\/bambuskohle-zahnseide\\\/#breadcrumb\"},\"inLanguage\":\"de\",\"potentialAction\":[{\"@type\":\"ReadAction\",\"target\":[\"https:\\\/\\\/prim4t.art\\\/SHOPZ\\\/produkt\\\/bambuskohle-zahnseide\\\/\"]}]},{\"@type\":\"ImageObject\",\"inLanguage\":\"de\",\"@id\":\"https:\\\/\\\/prim4t.art\\\/SHOPZ\\\/produkt\\\/bambuskohle-zahnseide\\\/#primaryimage\",\"url\":\"https:\\\/\\\/i0.wp.com\\\/prim4t.art\\\/SHOPZ\\\/wp-content\\\/uploads\\\/2018\\\/03\\\/50-Mt-Bambuskohle-Zahn-Flosser-Integrierten-Spule-Draht-Zahnstocher-Flosser-Zahnseide-Ersatz-Core-Mint-Geschmack-5-1.jpg?fit=1000%2C1000&ssl=1\",\"contentUrl\":\"https:\\\/\\\/i0.wp.com\\\/prim4t.art\\\/SHOPZ\\\/wp-content\\\/uploads\\\/2018\\\/03\\\/50-Mt-Bambuskohle-Zahn-Flosser-Integrierten-Spule-Draht-Zahnstocher-Flosser-Zahnseide-Ersatz-Core-Mint-Geschmack-5-1.jpg?fit=1000%2C1000&ssl=1\",\"width\":1000,\"height\":1000},{\"@type\":\"BreadcrumbList\",\"@id\":\"https:\\\/\\\/prim4t.art\\\/SHOPZ\\\/produkt\\\/bambuskohle-zahnseide\\\/#breadcrumb\",\"itemListElement\":[{\"@type\":\"ListItem\",\"position\":1,\"name\":\"Home\",\"item\":\"https:\\\/\\\/prim4t.art\\\/SHOPZ\\\/\"},{\"@type\":\"ListItem\",\"position\":2,\"name\":\"Shop\",\"item\":\"https:\\\/\\\/prim4t.art\\\/SHOPZ\\\/shop\\\/\"},{\"@type\":\"ListItem\",\"position\":3,\"name\":\"5&#215;50 Meter Rollen Bambuskohle-Zahnseide\"}]},{\"@type\":\"WebSite\",\"@id\":\"https:\\\/\\\/prim4t.art\\\/SHOPZ\\\/#website\",\"url\":\"https:\\\/\\\/prim4t.art\\\/SHOPZ\\\/\",\"name\":\"NATUERLICHE-ZAHNPFLEGE.STORE\",\"description\":\"Lets make something beautiful!\",\"publisher\":{\"@id\":\"https:\\\/\\\/prim4t.art\\\/SHOPZ\\\/#organization\"},\"potentialAction\":[{\"@type\":\"SearchAction\",\"target\":{\"@type\":\"EntryPoint\",\"urlTemplate\":\"https:\\\/\\\/prim4t.art\\\/SHOPZ\\\/?s={search_term_string}\"},\"query-input\":{\"@type\":\"PropertyValueSpecification\",\"valueRequired\":true,\"valueName\":\"search_term_string\"}}],\"inLanguage\":\"de\"},{\"@type\":\"Organization\",\"@id\":\"https:\\\/\\\/prim4t.art\\\/SHOPZ\\\/#organization\",\"name\":\"PRIM4T\",\"url\":\"https:\\\/\\\/prim4t.art\\\/SHOPZ\\\/\",\"logo\":{\"@type\":\"ImageObject\",\"inLanguage\":\"de\",\"@id\":\"https:\\\/\\\/prim4t.art\\\/SHOPZ\\\/#\\\/schema\\\/logo\\\/image\\\/\",\"url\":\"https:\\\/\\\/i2.wp.com\\\/prim4t.art\\\/SHOPZ\\\/wp-content\\\/uploads\\\/2017\\\/08\\\/logo.png?fit=567%2C567&ssl=1\",\"contentUrl\":\"https:\\\/\\\/i2.wp.com\\\/prim4t.art\\\/SHOPZ\\\/wp-content\\\/uploads\\\/2017\\\/08\\\/logo.png?fit=567%2C567&ssl=1\",\"width\":567,\"height\":567,\"caption\":\"PRIM4T\"},\"image\":{\"@id\":\"https:\\\/\\\/prim4t.art\\\/SHOPZ\\\/#\\\/schema\\\/logo\\\/image\\\/\"},\"sameAs\":[\"https:\\\/\\\/x.com\\\/prim4t\",\"https:\\\/\\\/www.instagram.com\\\/prim4t\\\/\"]}]}<\/script>\n<!-- \/ Yoast SEO plugin. -->","yoast_head_json":{"title":"Bambuskohle Zahnseide","description":"Bambuskohle Zahnseide","robots":{"index":"index","follow":"follow","max-snippet":"max-snippet:-1","max-image-preview":"max-image-preview:large","max-video-preview":"max-video-preview:-1"},"canonical":"https:\/\/prim4t.art\/SHOPZ\/produkt\/bambuskohle-zahnseide\/","og_locale":"de_DE","og_type":"article","og_title":"Bambuskohle Zahnseide","og_description":"Bambuskohle Zahnseide","og_url":"https:\/\/prim4t.art\/SHOPZ\/produkt\/bambuskohle-zahnseide\/","og_site_name":"NATUERLICHE-ZAHNPFLEGE.STORE","article_modified_time":"2019-03-09T05:47:30+00:00","og_image":[{"width":1000,"height":1000,"url":"https:\/\/i2.wp.com\/prim4t.art\/SHOPZ\/wp-content\/uploads\/2018\/03\/50-Mt-Bambuskohle-Zahn-Flosser-Integrierten-Spule-Draht-Zahnstocher-Flosser-Zahnseide-Ersatz-Core-Mint-Geschmack-5-1.jpg?fit=1000%2C1000&ssl=1","type":"image\/jpeg"}],"twitter_card":"summary_large_image","twitter_site":"@prim4t","schema":{"@context":"https:\/\/schema.org","@graph":[{"@type":"WebPage","@id":"https:\/\/prim4t.art\/SHOPZ\/produkt\/bambuskohle-zahnseide\/","url":"https:\/\/prim4t.art\/SHOPZ\/produkt\/bambuskohle-zahnseide\/","name":"Bambuskohle Zahnseide","isPartOf":{"@id":"https:\/\/prim4t.art\/SHOPZ\/#website"},"primaryImageOfPage":{"@id":"https:\/\/prim4t.art\/SHOPZ\/produkt\/bambuskohle-zahnseide\/#primaryimage"},"image":{"@id":"https:\/\/prim4t.art\/SHOPZ\/produkt\/bambuskohle-zahnseide\/#primaryimage"},"thumbnailUrl":"https:\/\/i0.wp.com\/prim4t.art\/SHOPZ\/wp-content\/uploads\/2018\/03\/50-Mt-Bambuskohle-Zahn-Flosser-Integrierten-Spule-Draht-Zahnstocher-Flosser-Zahnseide-Ersatz-Core-Mint-Geschmack-5-1.jpg?fit=1000%2C1000&ssl=1","datePublished":"2018-03-18T02:30:06+00:00","dateModified":"2019-03-09T05:47:30+00:00","description":"Bambuskohle Zahnseide","breadcrumb":{"@id":"https:\/\/prim4t.art\/SHOPZ\/produkt\/bambuskohle-zahnseide\/#breadcrumb"},"inLanguage":"de","potentialAction":[{"@type":"ReadAction","target":["https:\/\/prim4t.art\/SHOPZ\/produkt\/bambuskohle-zahnseide\/"]}]},{"@type":"ImageObject","inLanguage":"de","@id":"https:\/\/prim4t.art\/SHOPZ\/produkt\/bambuskohle-zahnseide\/#primaryimage","url":"https:\/\/i0.wp.com\/prim4t.art\/SHOPZ\/wp-content\/uploads\/2018\/03\/50-Mt-Bambuskohle-Zahn-Flosser-Integrierten-Spule-Draht-Zahnstocher-Flosser-Zahnseide-Ersatz-Core-Mint-Geschmack-5-1.jpg?fit=1000%2C1000&ssl=1","contentUrl":"https:\/\/i0.wp.com\/prim4t.art\/SHOPZ\/wp-content\/uploads\/2018\/03\/50-Mt-Bambuskohle-Zahn-Flosser-Integrierten-Spule-Draht-Zahnstocher-Flosser-Zahnseide-Ersatz-Core-Mint-Geschmack-5-1.jpg?fit=1000%2C1000&ssl=1","width":1000,"height":1000},{"@type":"BreadcrumbList","@id":"https:\/\/prim4t.art\/SHOPZ\/produkt\/bambuskohle-zahnseide\/#breadcrumb","itemListElement":[{"@type":"ListItem","position":1,"name":"Home","item":"https:\/\/prim4t.art\/SHOPZ\/"},{"@type":"ListItem","position":2,"name":"Shop","item":"https:\/\/prim4t.art\/SHOPZ\/shop\/"},{"@type":"ListItem","position":3,"name":"5&#215;50 Meter Rollen Bambuskohle-Zahnseide"}]},{"@type":"WebSite","@id":"https:\/\/prim4t.art\/SHOPZ\/#website","url":"https:\/\/prim4t.art\/SHOPZ\/","name":"NATUERLICHE-ZAHNPFLEGE.STORE","description":"Lets make something beautiful!","publisher":{"@id":"https:\/\/prim4t.art\/SHOPZ\/#organization"},"potentialAction":[{"@type":"SearchAction","target":{"@type":"EntryPoint","urlTemplate":"https:\/\/prim4t.art\/SHOPZ\/?s={search_term_string}"},"query-input":{"@type":"PropertyValueSpecification","valueRequired":true,"valueName":"search_term_string"}}],"inLanguage":"de"},{"@type":"Organization","@id":"https:\/\/prim4t.art\/SHOPZ\/#organization","name":"PRIM4T","url":"https:\/\/prim4t.art\/SHOPZ\/","logo":{"@type":"ImageObject","inLanguage":"de","@id":"https:\/\/prim4t.art\/SHOPZ\/#\/schema\/logo\/image\/","url":"https:\/\/i2.wp.com\/prim4t.art\/SHOPZ\/wp-content\/uploads\/2017\/08\/logo.png?fit=567%2C567&ssl=1","contentUrl":"https:\/\/i2.wp.com\/prim4t.art\/SHOPZ\/wp-content\/uploads\/2017\/08\/logo.png?fit=567%2C567&ssl=1","width":567,"height":567,"caption":"PRIM4T"},"image":{"@id":"https:\/\/prim4t.art\/SHOPZ\/#\/schema\/logo\/image\/"},"sameAs":["https:\/\/x.com\/prim4t","https:\/\/www.instagram.com\/prim4t\/"]}]}},"jetpack_publicize_connections":[],"jetpack_sharing_enabled":true,"jetpack_likes_enabled":true,"jetpack-related-posts":[],"_links":{"self":[{"href":"https:\/\/prim4t.art\/SHOPZ\/wp-json\/wp\/v2\/product\/1094","targetHints":{"allow":["GET"]}}],"collection":[{"href":"https:\/\/prim4t.art\/SHOPZ\/wp-json\/wp\/v2\/product"}],"about":[{"href":"https:\/\/prim4t.art\/SHOPZ\/wp-json\/wp\/v2\/types\/product"}],"wp:featuredmedia":[{"embeddable":true,"href":"https:\/\/prim4t.art\/SHOPZ\/wp-json\/wp\/v2\/media\/1087"}],"wp:attachment":[{"href":"https:\/\/prim4t.art\/SHOPZ\/wp-json\/wp\/v2\/media?parent=1094"}],"wp:term":[{"taxonomy":"product_brand","embeddable":true,"href":"https:\/\/prim4t.art\/SHOPZ\/wp-json\/wp\/v2\/product_brand?post=1094"},{"taxonomy":"product_cat","embeddable":true,"href":"https:\/\/prim4t.art\/SHOPZ\/wp-json\/wp\/v2\/product_cat?post=1094"},{"taxonomy":"product_tag","embeddable":true,"href":"https:\/\/prim4t.art\/SHOPZ\/wp-json\/wp\/v2\/product_tag?post=1094"}],"curies":[{"name":"wp","href":"https:\/\/api.w.org\/{rel}","templated":true}]}}