{"id":1104,"date":"2018-03-18T03:43:07","date_gmt":"2018-03-18T02:43:07","guid":{"rendered":"http:\/\/prim4t.art\/SHOPZ\/produkt\/zahnweiss-pulver-holzkohle-zahnbuerste-umwelt-weichen-borsten-holz-zahnbuerste-schwarz-bambus-zahnpasta\/"},"modified":"2018-03-18T08:33:18","modified_gmt":"2018-03-18T07:33:18","slug":"pulverset","status":"publish","type":"product","link":"https:\/\/prim4t.art\/SHOPZ\/produkt\/pulverset\/","title":{"rendered":"Bambusb\u00fcrste+Pulver-Set"},"content":{"rendered":"<p>In diesem Probier-Set erhalten sie eine Packung <strong>Bambuskohle-Pulver<\/strong> und eine <strong>Bambus-Zahnb\u00fcrste<\/strong> ihrer Wahl.<\/p>\n","protected":false},"excerpt":{"rendered":"<ul>\n<li><strong>100% nat\u00fcrlich &amp; vegan<\/strong><\/li>\n<li><strong>nicht an Tieren getestet<\/strong><\/li>\n<li><strong>entfernt Ablagerungen &amp; hellt damit die Z\u00e4hne sanft auf<\/strong><\/li>\n<li><strong>ohne Fluoride &amp; frei von chemischen Bleichstoffen<\/strong><\/li>\n<li><strong>greift den Zahnschmelz nicht an<\/strong><\/li>\n<li><strong>schmerzfrei &#8211; ideal auch f\u00fcr empfindliche Z\u00e4hne<\/strong><\/li>\n<li><strong>geschmacksneutral<\/strong><\/li>\n<li><strong>ungef\u00e4hrlich bei Verschlucken<\/strong><\/li>\n<li><strong>reicht f\u00fcr ca. 150 Anwendungen<\/strong><\/li>\n<\/ul>\n","protected":false},"featured_media":1096,"template":"","meta":{"jetpack_post_was_ever_published":false,"jetpack_publicize_message":"","jetpack_publicize_feature_enabled":true,"jetpack_social_post_already_shared":true,"jetpack_social_options":{"image_generator_settings":{"template":"highway","default_image_id":0,"font":"","enabled":false},"version":2}},"product_brand":[],"product_cat":[17,18,34],"product_tag":[],"class_list":{"0":"post-1104","1":"product","2":"type-product","3":"status-publish","4":"has-post-thumbnail","6":"product_cat-unkategorisiert","7":"product_cat-zahnbuersten","8":"product_cat-zahnpflege","10":"first","11":"instock","12":"sale","13":"taxable","14":"shipping-taxable","15":"purchasable","16":"product-type-variable"},"yoast_head":"<!-- This site is optimized with the Yoast SEO plugin v27.3 - https:\/\/yoast.com\/product\/yoast-seo-wordpress\/ -->\n<title>Bambusb\u00fcrste+Pulver-Set - NATUERLICHE-ZAHNPFLEGE.STORE<\/title>\n<meta name=\"robots\" content=\"index, follow, max-snippet:-1, max-image-preview:large, max-video-preview:-1\" \/>\n<link rel=\"canonical\" href=\"https:\/\/prim4t.art\/SHOPZ\/produkt\/pulverset\/\" \/>\n<meta property=\"og:locale\" content=\"de_DE\" \/>\n<meta property=\"og:type\" content=\"article\" \/>\n<meta property=\"og:title\" content=\"Bambusb\u00fcrste+Pulver-Set - NATUERLICHE-ZAHNPFLEGE.STORE\" \/>\n<meta property=\"og:description\" content=\"100% nat\u00fcrlich &amp; vegan  nicht an Tieren getestet  entfernt Ablagerungen &amp; hellt damit die Z\u00e4hne sanft auf  ohne Fluoride &amp; frei von chemischen Bleichstoffen  greift den Zahnschmelz nicht an  schmerzfrei - ideal auch f\u00fcr empfindliche Z\u00e4hne  geschmacksneutral  ungef\u00e4hrlich bei Verschlucken  reicht f\u00fcr ca. 150 Anwendungen\" \/>\n<meta property=\"og:url\" content=\"https:\/\/prim4t.art\/SHOPZ\/produkt\/pulverset\/\" \/>\n<meta property=\"og:site_name\" content=\"NATUERLICHE-ZAHNPFLEGE.STORE\" \/>\n<meta property=\"article:modified_time\" content=\"2018-03-18T07:33:18+00:00\" \/>\n<meta property=\"og:image\" content=\"https:\/\/i1.wp.com\/prim4t.art\/SHOPZ\/wp-content\/uploads\/2018\/03\/Zahnwei-pulver-Holzkohle-Zahnb-rste-Umwelt-Weichen-borsten-Holz-Zahnb-rste-Schwarz-Bambus-Zahnpasta.jpg?fit=1000%2C1000&ssl=1\" \/>\n\t<meta property=\"og:image:width\" content=\"1000\" \/>\n\t<meta property=\"og:image:height\" content=\"1000\" \/>\n\t<meta property=\"og:image:type\" content=\"image\/jpeg\" \/>\n<meta name=\"twitter:card\" content=\"summary_large_image\" \/>\n<meta name=\"twitter:site\" content=\"@prim4t\" \/>\n<script type=\"application\/ld+json\" class=\"yoast-schema-graph\">{\"@context\":\"https:\\\/\\\/schema.org\",\"@graph\":[{\"@type\":\"WebPage\",\"@id\":\"https:\\\/\\\/prim4t.art\\\/SHOPZ\\\/produkt\\\/pulverset\\\/\",\"url\":\"https:\\\/\\\/prim4t.art\\\/SHOPZ\\\/produkt\\\/pulverset\\\/\",\"name\":\"Bambusb\u00fcrste+Pulver-Set - NATUERLICHE-ZAHNPFLEGE.STORE\",\"isPartOf\":{\"@id\":\"https:\\\/\\\/prim4t.art\\\/SHOPZ\\\/#website\"},\"primaryImageOfPage\":{\"@id\":\"https:\\\/\\\/prim4t.art\\\/SHOPZ\\\/produkt\\\/pulverset\\\/#primaryimage\"},\"image\":{\"@id\":\"https:\\\/\\\/prim4t.art\\\/SHOPZ\\\/produkt\\\/pulverset\\\/#primaryimage\"},\"thumbnailUrl\":\"https:\\\/\\\/i0.wp.com\\\/prim4t.art\\\/SHOPZ\\\/wp-content\\\/uploads\\\/2018\\\/03\\\/Zahnwei-pulver-Holzkohle-Zahnb-rste-Umwelt-Weichen-borsten-Holz-Zahnb-rste-Schwarz-Bambus-Zahnpasta.jpg?fit=1000%2C1000&ssl=1\",\"datePublished\":\"2018-03-18T02:43:07+00:00\",\"dateModified\":\"2018-03-18T07:33:18+00:00\",\"breadcrumb\":{\"@id\":\"https:\\\/\\\/prim4t.art\\\/SHOPZ\\\/produkt\\\/pulverset\\\/#breadcrumb\"},\"inLanguage\":\"de\",\"potentialAction\":[{\"@type\":\"ReadAction\",\"target\":[\"https:\\\/\\\/prim4t.art\\\/SHOPZ\\\/produkt\\\/pulverset\\\/\"]}]},{\"@type\":\"ImageObject\",\"inLanguage\":\"de\",\"@id\":\"https:\\\/\\\/prim4t.art\\\/SHOPZ\\\/produkt\\\/pulverset\\\/#primaryimage\",\"url\":\"https:\\\/\\\/i0.wp.com\\\/prim4t.art\\\/SHOPZ\\\/wp-content\\\/uploads\\\/2018\\\/03\\\/Zahnwei-pulver-Holzkohle-Zahnb-rste-Umwelt-Weichen-borsten-Holz-Zahnb-rste-Schwarz-Bambus-Zahnpasta.jpg?fit=1000%2C1000&ssl=1\",\"contentUrl\":\"https:\\\/\\\/i0.wp.com\\\/prim4t.art\\\/SHOPZ\\\/wp-content\\\/uploads\\\/2018\\\/03\\\/Zahnwei-pulver-Holzkohle-Zahnb-rste-Umwelt-Weichen-borsten-Holz-Zahnb-rste-Schwarz-Bambus-Zahnpasta.jpg?fit=1000%2C1000&ssl=1\",\"width\":1000,\"height\":1000},{\"@type\":\"BreadcrumbList\",\"@id\":\"https:\\\/\\\/prim4t.art\\\/SHOPZ\\\/produkt\\\/pulverset\\\/#breadcrumb\",\"itemListElement\":[{\"@type\":\"ListItem\",\"position\":1,\"name\":\"Home\",\"item\":\"https:\\\/\\\/prim4t.art\\\/SHOPZ\\\/\"},{\"@type\":\"ListItem\",\"position\":2,\"name\":\"Shop\",\"item\":\"https:\\\/\\\/prim4t.art\\\/SHOPZ\\\/shop\\\/\"},{\"@type\":\"ListItem\",\"position\":3,\"name\":\"Bambusb\u00fcrste+Pulver-Set\"}]},{\"@type\":\"WebSite\",\"@id\":\"https:\\\/\\\/prim4t.art\\\/SHOPZ\\\/#website\",\"url\":\"https:\\\/\\\/prim4t.art\\\/SHOPZ\\\/\",\"name\":\"NATUERLICHE-ZAHNPFLEGE.STORE\",\"description\":\"Lets make something beautiful!\",\"publisher\":{\"@id\":\"https:\\\/\\\/prim4t.art\\\/SHOPZ\\\/#organization\"},\"potentialAction\":[{\"@type\":\"SearchAction\",\"target\":{\"@type\":\"EntryPoint\",\"urlTemplate\":\"https:\\\/\\\/prim4t.art\\\/SHOPZ\\\/?s={search_term_string}\"},\"query-input\":{\"@type\":\"PropertyValueSpecification\",\"valueRequired\":true,\"valueName\":\"search_term_string\"}}],\"inLanguage\":\"de\"},{\"@type\":\"Organization\",\"@id\":\"https:\\\/\\\/prim4t.art\\\/SHOPZ\\\/#organization\",\"name\":\"PRIM4T\",\"url\":\"https:\\\/\\\/prim4t.art\\\/SHOPZ\\\/\",\"logo\":{\"@type\":\"ImageObject\",\"inLanguage\":\"de\",\"@id\":\"https:\\\/\\\/prim4t.art\\\/SHOPZ\\\/#\\\/schema\\\/logo\\\/image\\\/\",\"url\":\"https:\\\/\\\/i2.wp.com\\\/prim4t.art\\\/SHOPZ\\\/wp-content\\\/uploads\\\/2017\\\/08\\\/logo.png?fit=567%2C567&ssl=1\",\"contentUrl\":\"https:\\\/\\\/i2.wp.com\\\/prim4t.art\\\/SHOPZ\\\/wp-content\\\/uploads\\\/2017\\\/08\\\/logo.png?fit=567%2C567&ssl=1\",\"width\":567,\"height\":567,\"caption\":\"PRIM4T\"},\"image\":{\"@id\":\"https:\\\/\\\/prim4t.art\\\/SHOPZ\\\/#\\\/schema\\\/logo\\\/image\\\/\"},\"sameAs\":[\"https:\\\/\\\/x.com\\\/prim4t\",\"https:\\\/\\\/www.instagram.com\\\/prim4t\\\/\"]}]}<\/script>\n<!-- \/ Yoast SEO plugin. -->","yoast_head_json":{"title":"Bambusb\u00fcrste+Pulver-Set - NATUERLICHE-ZAHNPFLEGE.STORE","robots":{"index":"index","follow":"follow","max-snippet":"max-snippet:-1","max-image-preview":"max-image-preview:large","max-video-preview":"max-video-preview:-1"},"canonical":"https:\/\/prim4t.art\/SHOPZ\/produkt\/pulverset\/","og_locale":"de_DE","og_type":"article","og_title":"Bambusb\u00fcrste+Pulver-Set - NATUERLICHE-ZAHNPFLEGE.STORE","og_description":"100% nat\u00fcrlich &amp; vegan  nicht an Tieren getestet  entfernt Ablagerungen &amp; hellt damit die Z\u00e4hne sanft auf  ohne Fluoride &amp; frei von chemischen Bleichstoffen  greift den Zahnschmelz nicht an  schmerzfrei - ideal auch f\u00fcr empfindliche Z\u00e4hne  geschmacksneutral  ungef\u00e4hrlich bei Verschlucken  reicht f\u00fcr ca. 150 Anwendungen","og_url":"https:\/\/prim4t.art\/SHOPZ\/produkt\/pulverset\/","og_site_name":"NATUERLICHE-ZAHNPFLEGE.STORE","article_modified_time":"2018-03-18T07:33:18+00:00","og_image":[{"width":1000,"height":1000,"url":"https:\/\/i1.wp.com\/prim4t.art\/SHOPZ\/wp-content\/uploads\/2018\/03\/Zahnwei-pulver-Holzkohle-Zahnb-rste-Umwelt-Weichen-borsten-Holz-Zahnb-rste-Schwarz-Bambus-Zahnpasta.jpg?fit=1000%2C1000&ssl=1","type":"image\/jpeg"}],"twitter_card":"summary_large_image","twitter_site":"@prim4t","schema":{"@context":"https:\/\/schema.org","@graph":[{"@type":"WebPage","@id":"https:\/\/prim4t.art\/SHOPZ\/produkt\/pulverset\/","url":"https:\/\/prim4t.art\/SHOPZ\/produkt\/pulverset\/","name":"Bambusb\u00fcrste+Pulver-Set - NATUERLICHE-ZAHNPFLEGE.STORE","isPartOf":{"@id":"https:\/\/prim4t.art\/SHOPZ\/#website"},"primaryImageOfPage":{"@id":"https:\/\/prim4t.art\/SHOPZ\/produkt\/pulverset\/#primaryimage"},"image":{"@id":"https:\/\/prim4t.art\/SHOPZ\/produkt\/pulverset\/#primaryimage"},"thumbnailUrl":"https:\/\/i0.wp.com\/prim4t.art\/SHOPZ\/wp-content\/uploads\/2018\/03\/Zahnwei-pulver-Holzkohle-Zahnb-rste-Umwelt-Weichen-borsten-Holz-Zahnb-rste-Schwarz-Bambus-Zahnpasta.jpg?fit=1000%2C1000&ssl=1","datePublished":"2018-03-18T02:43:07+00:00","dateModified":"2018-03-18T07:33:18+00:00","breadcrumb":{"@id":"https:\/\/prim4t.art\/SHOPZ\/produkt\/pulverset\/#breadcrumb"},"inLanguage":"de","potentialAction":[{"@type":"ReadAction","target":["https:\/\/prim4t.art\/SHOPZ\/produkt\/pulverset\/"]}]},{"@type":"ImageObject","inLanguage":"de","@id":"https:\/\/prim4t.art\/SHOPZ\/produkt\/pulverset\/#primaryimage","url":"https:\/\/i0.wp.com\/prim4t.art\/SHOPZ\/wp-content\/uploads\/2018\/03\/Zahnwei-pulver-Holzkohle-Zahnb-rste-Umwelt-Weichen-borsten-Holz-Zahnb-rste-Schwarz-Bambus-Zahnpasta.jpg?fit=1000%2C1000&ssl=1","contentUrl":"https:\/\/i0.wp.com\/prim4t.art\/SHOPZ\/wp-content\/uploads\/2018\/03\/Zahnwei-pulver-Holzkohle-Zahnb-rste-Umwelt-Weichen-borsten-Holz-Zahnb-rste-Schwarz-Bambus-Zahnpasta.jpg?fit=1000%2C1000&ssl=1","width":1000,"height":1000},{"@type":"BreadcrumbList","@id":"https:\/\/prim4t.art\/SHOPZ\/produkt\/pulverset\/#breadcrumb","itemListElement":[{"@type":"ListItem","position":1,"name":"Home","item":"https:\/\/prim4t.art\/SHOPZ\/"},{"@type":"ListItem","position":2,"name":"Shop","item":"https:\/\/prim4t.art\/SHOPZ\/shop\/"},{"@type":"ListItem","position":3,"name":"Bambusb\u00fcrste+Pulver-Set"}]},{"@type":"WebSite","@id":"https:\/\/prim4t.art\/SHOPZ\/#website","url":"https:\/\/prim4t.art\/SHOPZ\/","name":"NATUERLICHE-ZAHNPFLEGE.STORE","description":"Lets make something beautiful!","publisher":{"@id":"https:\/\/prim4t.art\/SHOPZ\/#organization"},"potentialAction":[{"@type":"SearchAction","target":{"@type":"EntryPoint","urlTemplate":"https:\/\/prim4t.art\/SHOPZ\/?s={search_term_string}"},"query-input":{"@type":"PropertyValueSpecification","valueRequired":true,"valueName":"search_term_string"}}],"inLanguage":"de"},{"@type":"Organization","@id":"https:\/\/prim4t.art\/SHOPZ\/#organization","name":"PRIM4T","url":"https:\/\/prim4t.art\/SHOPZ\/","logo":{"@type":"ImageObject","inLanguage":"de","@id":"https:\/\/prim4t.art\/SHOPZ\/#\/schema\/logo\/image\/","url":"https:\/\/i2.wp.com\/prim4t.art\/SHOPZ\/wp-content\/uploads\/2017\/08\/logo.png?fit=567%2C567&ssl=1","contentUrl":"https:\/\/i2.wp.com\/prim4t.art\/SHOPZ\/wp-content\/uploads\/2017\/08\/logo.png?fit=567%2C567&ssl=1","width":567,"height":567,"caption":"PRIM4T"},"image":{"@id":"https:\/\/prim4t.art\/SHOPZ\/#\/schema\/logo\/image\/"},"sameAs":["https:\/\/x.com\/prim4t","https:\/\/www.instagram.com\/prim4t\/"]}]}},"jetpack_publicize_connections":[],"jetpack_sharing_enabled":true,"jetpack_likes_enabled":true,"jetpack-related-posts":[],"_links":{"self":[{"href":"https:\/\/prim4t.art\/SHOPZ\/wp-json\/wp\/v2\/product\/1104","targetHints":{"allow":["GET"]}}],"collection":[{"href":"https:\/\/prim4t.art\/SHOPZ\/wp-json\/wp\/v2\/product"}],"about":[{"href":"https:\/\/prim4t.art\/SHOPZ\/wp-json\/wp\/v2\/types\/product"}],"wp:featuredmedia":[{"embeddable":true,"href":"https:\/\/prim4t.art\/SHOPZ\/wp-json\/wp\/v2\/media\/1096"}],"wp:attachment":[{"href":"https:\/\/prim4t.art\/SHOPZ\/wp-json\/wp\/v2\/media?parent=1104"}],"wp:term":[{"taxonomy":"product_brand","embeddable":true,"href":"https:\/\/prim4t.art\/SHOPZ\/wp-json\/wp\/v2\/product_brand?post=1104"},{"taxonomy":"product_cat","embeddable":true,"href":"https:\/\/prim4t.art\/SHOPZ\/wp-json\/wp\/v2\/product_cat?post=1104"},{"taxonomy":"product_tag","embeddable":true,"href":"https:\/\/prim4t.art\/SHOPZ\/wp-json\/wp\/v2\/product_tag?post=1104"}],"curies":[{"name":"wp","href":"https:\/\/api.w.org\/{rel}","templated":true}]}}