{"id":997,"date":"2018-03-02T21:43:35","date_gmt":"2018-03-02T20:43:35","guid":{"rendered":"http:\/\/prim4t.art\/SHOPZ\/produkt\/bambus-zahnbuerste-2\/"},"modified":"2018-03-18T08:30:30","modified_gmt":"2018-03-18T07:30:30","slug":"bambus-zahnbuerste-2","status":"publish","type":"product","link":"https:\/\/prim4t.art\/SHOPZ\/produkt\/bambus-zahnbuerste-2\/","title":{"rendered":"Bambus Zahnb\u00fcrste"},"content":{"rendered":"<h4><strong>Unsere beliebten Bambus-Zahnb\u00fcrsten sind umweltfreundlich und zugleich schonend f\u00fcr Ihre Z\u00e4hne.<\/strong><\/h4>\n<h4>Genie\u00dfen Sie die vielen Vorteile dieser nachhaltigen Zahnb\u00fcrsten!<\/h4>\n<p>Der Bambus f\u00fcr unsere Zahnb\u00fcrsten stammt aus nachhaltigem Anbau, nicht aus Panda-Wohnr\u00e4umen oder gef\u00e4hrdeten Gebieten. Da der Bambus sehr schnell w\u00e4chst, <strong>keine D\u00fcngemittel und Pestizide<\/strong> ben\u00f6tigt und zu <strong>100 % biologisch abbaubar<\/strong> ist, ist er der ideale Rohstoff f\u00fcr allt\u00e4gliche Gebrauchsgegenst\u00e4nde, wie zum Beispiel Zahnb\u00fcrsten. Bambus hat <strong>von Natur aus antibakteriellen<\/strong> Charakter und ist auch in Bezug auf die Keimbildung extrem widerstandsf\u00e4hig. Unsere Zahnb\u00fcrsten aus Bambus enthalten <strong>keine Weichmacher<\/strong>. Die weichen Borsten sind schonend f\u00fcr Ihre Z\u00e4hne und Ihr Zahnfleisch. Die Zahnb\u00fcrsten sind zu <strong>100 % vegan<\/strong>. Eine Bambus-Zahnb\u00fcrste h\u00e4lt bei entsprechender Pflege genauso lange wie eine Plastikb\u00fcrste. Und sogar die <strong>Verpackung<\/strong> besteht <strong>aus recyceltem Papier<\/strong>. Auch die Optik und das Design der Zahnb\u00fcrsten machen einiges her.<\/p>\n","protected":false},"excerpt":{"rendered":"<ul>\n<li><strong>100 % biologisch abbaubar<\/strong><\/li>\n<li><strong>Keine D\u00fcngemittel und Pestizide<\/strong><\/li>\n<li><strong>100 % vegan<\/strong><\/li>\n<li><strong>Verpackung besteht aus recyceltem Papier<\/strong><\/li>\n<li><strong>Pandafreundlich<\/strong><\/li>\n<li><strong>nicht an Tieren getestet<\/strong><\/li>\n<li><strong>geschmacksneutral<\/strong><\/li>\n<\/ul>\n","protected":false},"featured_media":1011,"template":"","meta":{"jetpack_post_was_ever_published":false,"jetpack_publicize_message":"","jetpack_publicize_feature_enabled":true,"jetpack_social_post_already_shared":false,"jetpack_social_options":{"image_generator_settings":{"template":"highway","default_image_id":0,"font":"","enabled":false},"version":2}},"product_brand":[],"product_cat":[17,18],"product_tag":[],"class_list":{"0":"post-997","1":"product","2":"type-product","3":"status-publish","4":"has-post-thumbnail","6":"product_cat-unkategorisiert","7":"product_cat-zahnbuersten","9":"first","10":"instock","11":"sale","12":"taxable","13":"shipping-taxable","14":"purchasable","15":"product-type-variable","16":"has-default-attributes"},"yoast_head":"<!-- This site is optimized with the Yoast SEO plugin v27.3 - https:\/\/yoast.com\/product\/yoast-seo-wordpress\/ -->\n<title>Bambus Zahnb\u00fcrste - NATUERLICHE-ZAHNPFLEGE.STORE<\/title>\n<meta name=\"robots\" content=\"index, follow, max-snippet:-1, max-image-preview:large, max-video-preview:-1\" \/>\n<link rel=\"canonical\" href=\"https:\/\/prim4t.art\/SHOPZ\/produkt\/bambus-zahnbuerste-2\/\" \/>\n<meta property=\"og:locale\" content=\"de_DE\" \/>\n<meta property=\"og:type\" content=\"article\" \/>\n<meta property=\"og:title\" content=\"Bambus Zahnb\u00fcrste - NATUERLICHE-ZAHNPFLEGE.STORE\" \/>\n<meta property=\"og:description\" content=\"100 % biologisch abbaubar  Keine D\u00fcngemittel und Pestizide  100 % vegan  Verpackung besteht aus recyceltem Papier  Pandafreundlich  nicht an Tieren getestet  geschmacksneutral\" \/>\n<meta property=\"og:url\" content=\"https:\/\/prim4t.art\/SHOPZ\/produkt\/bambus-zahnbuerste-2\/\" \/>\n<meta property=\"og:site_name\" content=\"NATUERLICHE-ZAHNPFLEGE.STORE\" \/>\n<meta property=\"article:modified_time\" content=\"2018-03-18T07:30:30+00:00\" \/>\n<meta property=\"og:image\" content=\"https:\/\/i1.wp.com\/prim4t.art\/SHOPZ\/wp-content\/uploads\/2018\/03\/HTB1UyL9XiCYBuNkHFCcq6AHtVXa9.jpg?fit=1000%2C1000&ssl=1\" \/>\n\t<meta property=\"og:image:width\" content=\"1000\" \/>\n\t<meta property=\"og:image:height\" content=\"1000\" \/>\n\t<meta property=\"og:image:type\" content=\"image\/jpeg\" \/>\n<meta name=\"twitter:card\" content=\"summary_large_image\" \/>\n<meta name=\"twitter:site\" content=\"@prim4t\" \/>\n<meta name=\"twitter:label1\" content=\"Gesch\u00e4tzte Lesezeit\" \/>\n\t<meta name=\"twitter:data1\" content=\"1\u00a0Minute\" \/>\n<script type=\"application\/ld+json\" class=\"yoast-schema-graph\">{\"@context\":\"https:\\\/\\\/schema.org\",\"@graph\":[{\"@type\":\"WebPage\",\"@id\":\"https:\\\/\\\/prim4t.art\\\/SHOPZ\\\/produkt\\\/bambus-zahnbuerste-2\\\/\",\"url\":\"https:\\\/\\\/prim4t.art\\\/SHOPZ\\\/produkt\\\/bambus-zahnbuerste-2\\\/\",\"name\":\"Bambus Zahnb\u00fcrste - NATUERLICHE-ZAHNPFLEGE.STORE\",\"isPartOf\":{\"@id\":\"https:\\\/\\\/prim4t.art\\\/SHOPZ\\\/#website\"},\"primaryImageOfPage\":{\"@id\":\"https:\\\/\\\/prim4t.art\\\/SHOPZ\\\/produkt\\\/bambus-zahnbuerste-2\\\/#primaryimage\"},\"image\":{\"@id\":\"https:\\\/\\\/prim4t.art\\\/SHOPZ\\\/produkt\\\/bambus-zahnbuerste-2\\\/#primaryimage\"},\"thumbnailUrl\":\"https:\\\/\\\/i0.wp.com\\\/prim4t.art\\\/SHOPZ\\\/wp-content\\\/uploads\\\/2018\\\/03\\\/HTB1UyL9XiCYBuNkHFCcq6AHtVXa9.jpg?fit=1000%2C1000&ssl=1\",\"datePublished\":\"2018-03-02T20:43:35+00:00\",\"dateModified\":\"2018-03-18T07:30:30+00:00\",\"breadcrumb\":{\"@id\":\"https:\\\/\\\/prim4t.art\\\/SHOPZ\\\/produkt\\\/bambus-zahnbuerste-2\\\/#breadcrumb\"},\"inLanguage\":\"de\",\"potentialAction\":[{\"@type\":\"ReadAction\",\"target\":[\"https:\\\/\\\/prim4t.art\\\/SHOPZ\\\/produkt\\\/bambus-zahnbuerste-2\\\/\"]}]},{\"@type\":\"ImageObject\",\"inLanguage\":\"de\",\"@id\":\"https:\\\/\\\/prim4t.art\\\/SHOPZ\\\/produkt\\\/bambus-zahnbuerste-2\\\/#primaryimage\",\"url\":\"https:\\\/\\\/i0.wp.com\\\/prim4t.art\\\/SHOPZ\\\/wp-content\\\/uploads\\\/2018\\\/03\\\/HTB1UyL9XiCYBuNkHFCcq6AHtVXa9.jpg?fit=1000%2C1000&ssl=1\",\"contentUrl\":\"https:\\\/\\\/i0.wp.com\\\/prim4t.art\\\/SHOPZ\\\/wp-content\\\/uploads\\\/2018\\\/03\\\/HTB1UyL9XiCYBuNkHFCcq6AHtVXa9.jpg?fit=1000%2C1000&ssl=1\",\"width\":1000,\"height\":1000},{\"@type\":\"BreadcrumbList\",\"@id\":\"https:\\\/\\\/prim4t.art\\\/SHOPZ\\\/produkt\\\/bambus-zahnbuerste-2\\\/#breadcrumb\",\"itemListElement\":[{\"@type\":\"ListItem\",\"position\":1,\"name\":\"Home\",\"item\":\"https:\\\/\\\/prim4t.art\\\/SHOPZ\\\/\"},{\"@type\":\"ListItem\",\"position\":2,\"name\":\"Shop\",\"item\":\"https:\\\/\\\/prim4t.art\\\/SHOPZ\\\/shop\\\/\"},{\"@type\":\"ListItem\",\"position\":3,\"name\":\"Bambus Zahnb\u00fcrste\"}]},{\"@type\":\"WebSite\",\"@id\":\"https:\\\/\\\/prim4t.art\\\/SHOPZ\\\/#website\",\"url\":\"https:\\\/\\\/prim4t.art\\\/SHOPZ\\\/\",\"name\":\"NATUERLICHE-ZAHNPFLEGE.STORE\",\"description\":\"Lets make something beautiful!\",\"publisher\":{\"@id\":\"https:\\\/\\\/prim4t.art\\\/SHOPZ\\\/#organization\"},\"potentialAction\":[{\"@type\":\"SearchAction\",\"target\":{\"@type\":\"EntryPoint\",\"urlTemplate\":\"https:\\\/\\\/prim4t.art\\\/SHOPZ\\\/?s={search_term_string}\"},\"query-input\":{\"@type\":\"PropertyValueSpecification\",\"valueRequired\":true,\"valueName\":\"search_term_string\"}}],\"inLanguage\":\"de\"},{\"@type\":\"Organization\",\"@id\":\"https:\\\/\\\/prim4t.art\\\/SHOPZ\\\/#organization\",\"name\":\"PRIM4T\",\"url\":\"https:\\\/\\\/prim4t.art\\\/SHOPZ\\\/\",\"logo\":{\"@type\":\"ImageObject\",\"inLanguage\":\"de\",\"@id\":\"https:\\\/\\\/prim4t.art\\\/SHOPZ\\\/#\\\/schema\\\/logo\\\/image\\\/\",\"url\":\"https:\\\/\\\/i2.wp.com\\\/prim4t.art\\\/SHOPZ\\\/wp-content\\\/uploads\\\/2017\\\/08\\\/logo.png?fit=567%2C567&ssl=1\",\"contentUrl\":\"https:\\\/\\\/i2.wp.com\\\/prim4t.art\\\/SHOPZ\\\/wp-content\\\/uploads\\\/2017\\\/08\\\/logo.png?fit=567%2C567&ssl=1\",\"width\":567,\"height\":567,\"caption\":\"PRIM4T\"},\"image\":{\"@id\":\"https:\\\/\\\/prim4t.art\\\/SHOPZ\\\/#\\\/schema\\\/logo\\\/image\\\/\"},\"sameAs\":[\"https:\\\/\\\/x.com\\\/prim4t\",\"https:\\\/\\\/www.instagram.com\\\/prim4t\\\/\"]}]}<\/script>\n<!-- \/ Yoast SEO plugin. -->","yoast_head_json":{"title":"Bambus Zahnb\u00fcrste - NATUERLICHE-ZAHNPFLEGE.STORE","robots":{"index":"index","follow":"follow","max-snippet":"max-snippet:-1","max-image-preview":"max-image-preview:large","max-video-preview":"max-video-preview:-1"},"canonical":"https:\/\/prim4t.art\/SHOPZ\/produkt\/bambus-zahnbuerste-2\/","og_locale":"de_DE","og_type":"article","og_title":"Bambus Zahnb\u00fcrste - NATUERLICHE-ZAHNPFLEGE.STORE","og_description":"100 % biologisch abbaubar  Keine D\u00fcngemittel und Pestizide  100 % vegan  Verpackung besteht aus recyceltem Papier  Pandafreundlich  nicht an Tieren getestet  geschmacksneutral","og_url":"https:\/\/prim4t.art\/SHOPZ\/produkt\/bambus-zahnbuerste-2\/","og_site_name":"NATUERLICHE-ZAHNPFLEGE.STORE","article_modified_time":"2018-03-18T07:30:30+00:00","og_image":[{"width":1000,"height":1000,"url":"https:\/\/i1.wp.com\/prim4t.art\/SHOPZ\/wp-content\/uploads\/2018\/03\/HTB1UyL9XiCYBuNkHFCcq6AHtVXa9.jpg?fit=1000%2C1000&ssl=1","type":"image\/jpeg"}],"twitter_card":"summary_large_image","twitter_site":"@prim4t","twitter_misc":{"Gesch\u00e4tzte Lesezeit":"1\u00a0Minute"},"schema":{"@context":"https:\/\/schema.org","@graph":[{"@type":"WebPage","@id":"https:\/\/prim4t.art\/SHOPZ\/produkt\/bambus-zahnbuerste-2\/","url":"https:\/\/prim4t.art\/SHOPZ\/produkt\/bambus-zahnbuerste-2\/","name":"Bambus Zahnb\u00fcrste - NATUERLICHE-ZAHNPFLEGE.STORE","isPartOf":{"@id":"https:\/\/prim4t.art\/SHOPZ\/#website"},"primaryImageOfPage":{"@id":"https:\/\/prim4t.art\/SHOPZ\/produkt\/bambus-zahnbuerste-2\/#primaryimage"},"image":{"@id":"https:\/\/prim4t.art\/SHOPZ\/produkt\/bambus-zahnbuerste-2\/#primaryimage"},"thumbnailUrl":"https:\/\/i0.wp.com\/prim4t.art\/SHOPZ\/wp-content\/uploads\/2018\/03\/HTB1UyL9XiCYBuNkHFCcq6AHtVXa9.jpg?fit=1000%2C1000&ssl=1","datePublished":"2018-03-02T20:43:35+00:00","dateModified":"2018-03-18T07:30:30+00:00","breadcrumb":{"@id":"https:\/\/prim4t.art\/SHOPZ\/produkt\/bambus-zahnbuerste-2\/#breadcrumb"},"inLanguage":"de","potentialAction":[{"@type":"ReadAction","target":["https:\/\/prim4t.art\/SHOPZ\/produkt\/bambus-zahnbuerste-2\/"]}]},{"@type":"ImageObject","inLanguage":"de","@id":"https:\/\/prim4t.art\/SHOPZ\/produkt\/bambus-zahnbuerste-2\/#primaryimage","url":"https:\/\/i0.wp.com\/prim4t.art\/SHOPZ\/wp-content\/uploads\/2018\/03\/HTB1UyL9XiCYBuNkHFCcq6AHtVXa9.jpg?fit=1000%2C1000&ssl=1","contentUrl":"https:\/\/i0.wp.com\/prim4t.art\/SHOPZ\/wp-content\/uploads\/2018\/03\/HTB1UyL9XiCYBuNkHFCcq6AHtVXa9.jpg?fit=1000%2C1000&ssl=1","width":1000,"height":1000},{"@type":"BreadcrumbList","@id":"https:\/\/prim4t.art\/SHOPZ\/produkt\/bambus-zahnbuerste-2\/#breadcrumb","itemListElement":[{"@type":"ListItem","position":1,"name":"Home","item":"https:\/\/prim4t.art\/SHOPZ\/"},{"@type":"ListItem","position":2,"name":"Shop","item":"https:\/\/prim4t.art\/SHOPZ\/shop\/"},{"@type":"ListItem","position":3,"name":"Bambus Zahnb\u00fcrste"}]},{"@type":"WebSite","@id":"https:\/\/prim4t.art\/SHOPZ\/#website","url":"https:\/\/prim4t.art\/SHOPZ\/","name":"NATUERLICHE-ZAHNPFLEGE.STORE","description":"Lets make something beautiful!","publisher":{"@id":"https:\/\/prim4t.art\/SHOPZ\/#organization"},"potentialAction":[{"@type":"SearchAction","target":{"@type":"EntryPoint","urlTemplate":"https:\/\/prim4t.art\/SHOPZ\/?s={search_term_string}"},"query-input":{"@type":"PropertyValueSpecification","valueRequired":true,"valueName":"search_term_string"}}],"inLanguage":"de"},{"@type":"Organization","@id":"https:\/\/prim4t.art\/SHOPZ\/#organization","name":"PRIM4T","url":"https:\/\/prim4t.art\/SHOPZ\/","logo":{"@type":"ImageObject","inLanguage":"de","@id":"https:\/\/prim4t.art\/SHOPZ\/#\/schema\/logo\/image\/","url":"https:\/\/i2.wp.com\/prim4t.art\/SHOPZ\/wp-content\/uploads\/2017\/08\/logo.png?fit=567%2C567&ssl=1","contentUrl":"https:\/\/i2.wp.com\/prim4t.art\/SHOPZ\/wp-content\/uploads\/2017\/08\/logo.png?fit=567%2C567&ssl=1","width":567,"height":567,"caption":"PRIM4T"},"image":{"@id":"https:\/\/prim4t.art\/SHOPZ\/#\/schema\/logo\/image\/"},"sameAs":["https:\/\/x.com\/prim4t","https:\/\/www.instagram.com\/prim4t\/"]}]}},"jetpack_publicize_connections":[],"jetpack_sharing_enabled":true,"jetpack_likes_enabled":true,"jetpack-related-posts":[],"_links":{"self":[{"href":"https:\/\/prim4t.art\/SHOPZ\/wp-json\/wp\/v2\/product\/997","targetHints":{"allow":["GET"]}}],"collection":[{"href":"https:\/\/prim4t.art\/SHOPZ\/wp-json\/wp\/v2\/product"}],"about":[{"href":"https:\/\/prim4t.art\/SHOPZ\/wp-json\/wp\/v2\/types\/product"}],"wp:featuredmedia":[{"embeddable":true,"href":"https:\/\/prim4t.art\/SHOPZ\/wp-json\/wp\/v2\/media\/1011"}],"wp:attachment":[{"href":"https:\/\/prim4t.art\/SHOPZ\/wp-json\/wp\/v2\/media?parent=997"}],"wp:term":[{"taxonomy":"product_brand","embeddable":true,"href":"https:\/\/prim4t.art\/SHOPZ\/wp-json\/wp\/v2\/product_brand?post=997"},{"taxonomy":"product_cat","embeddable":true,"href":"https:\/\/prim4t.art\/SHOPZ\/wp-json\/wp\/v2\/product_cat?post=997"},{"taxonomy":"product_tag","embeddable":true,"href":"https:\/\/prim4t.art\/SHOPZ\/wp-json\/wp\/v2\/product_tag?post=997"}],"curies":[{"name":"wp","href":"https:\/\/api.w.org\/{rel}","templated":true}]}}